{"id":126,"date":"2016-03-16T18:05:10","date_gmt":"2016-03-16T16:05:10","guid":{"rendered":"http:\/\/countrymusic.fi\/bakersfield\/?page_id=126"},"modified":"2016-03-16T20:12:30","modified_gmt":"2016-03-16T18:12:30","slug":"etusivu","status":"publish","type":"page","link":"https:\/\/countrymusic.fi\/bakersfield\/etusivu\/","title":{"rendered":"Etusivu"},"content":{"rendered":"<p><a href=\"https:\/\/countrymusic.fi\/bakersfield\/wp-content\/uploads\/sites\/2\/2015\/11\/rappu2.jpg\"><img loading=\"lazy\" decoding=\"async\" class=\"alignleft wp-image-47\" src=\"https:\/\/countrymusic.fi\/bakersfield\/wp-content\/uploads\/sites\/2\/2015\/11\/rappu2-269x300.jpg\" alt=\"Ostrobothnia Oldtimers\" width=\"175\" height=\"196\" srcset=\"https:\/\/countrymusic.fi\/bakersfield\/wp-content\/uploads\/sites\/2\/2015\/11\/rappu2-269x300.jpg 269w, https:\/\/countrymusic.fi\/bakersfield\/wp-content\/uploads\/sites\/2\/2015\/11\/rappu2.jpg 394w\" sizes=\"auto, (max-width: 175px) 100vw, 175px\" \/><\/a><strong>Sounds of Bakersfield &#8211; countrymusiikkia aidoimmillaan<\/strong><\/p>\n<p>Pohjanmaalaiset countrymuusikot, <strong>Ostrobothnia Oldtimers<\/strong>, esitt\u00e4v\u00e4t Bakersfield soundin tunnetuimpia kappaleita mahdollisimman aidosti alkuper\u00e4\u00e4 arvostaen.<br \/>\nBakersfield on countryn puhdas ja pelkistetty tyylisuunta, joka kuulostaa ajattomalta ja useiden mielest\u00e4 &#8220;oikealta countrylta&#8221;.<\/p>\n<p>Viihdytt\u00e4v\u00e4 musiikillinen matka, jossa kuljetaan soundin legendojen <strong>Merle Haggardin<\/strong> ja <strong>Buck Owensin<\/strong> jalanj\u00e4ljill\u00e4.<\/p>\n<p><span style=\"color: #993300;\"><strong>T\u00e4ss\u00e4 Oldtimersit PowerParkin keikalla H\u00e4rm\u00e4ss\u00e4:<br \/>\n<\/strong><\/span><\/p>\n<p><a href=\"http:\/\/vimeo.com\/ifixmedia\/oldtimers1\" target=\"_blank\">http:\/\/vimeo.com\/ifixmedia\/oldtimers1<\/a><br \/>\n<a href=\"http:\/\/vimeo.com\/ifixmedia\/oldtimers2\" target=\"_blank\">http:\/\/vimeo.com\/ifixmedia\/oldtimers2<\/a><\/p>\n<p><span style=\"color: #993300;\"><strong>Uusi CD! Ostrobothnia Oldtimersin live CD &#8211; 22 parasta kappaletta.<\/strong><\/span><br \/>\nKotiin toimitettuna hinta 15 \u20ac + postimaksu.<br \/>\n<strong>Tilaa t\u00e4st\u00e4:<\/strong><br \/>\n<a href=\"https:\/\/countrymusic.fi\/en\/product\/sounds-of-bakersfield-3-2\/\" target=\"_blank\">Sounds of Bakersfield<\/a><\/p>\n<h6 style=\"text-align: left;\"><span style=\"color: #808080;\">Projektet genomf\u00f6rs med st\u00f6d fr\u00e5n Svenska Kulturfonden.<\/span><\/h6>\n","protected":false},"excerpt":{"rendered":"<p>Sounds of Bakersfield &#8211; countrymusiikkia aidoimmillaan Pohjanmaalaiset countrymuusikot, Ostrobothnia Oldtimers, esitt\u00e4v\u00e4t Bakersfield soundin tunnetuimpia kappaleita mahdollisimman aidosti alkuper\u00e4\u00e4 arvostaen. Bakersfield on countryn puhdas ja pelkistetty tyylisuunta, joka kuulostaa ajattomalta ja useiden mielest\u00e4 &#8220;oikealta countrylta&#8221;. Viihdytt\u00e4v\u00e4 musiikillinen matka, jossa kuljetaan soundin legendojen Merle Haggardin ja Buck Owensin jalanj\u00e4ljill\u00e4. T\u00e4ss\u00e4 Oldtimersit PowerParkin keikalla H\u00e4rm\u00e4ss\u00e4: http:\/\/vimeo.com\/ifixmedia\/oldtimers1 http:\/\/vimeo.com\/ifixmedia\/oldtimers2 Uusi [&hellip;]<\/p>\n","protected":false},"author":1,"featured_media":0,"parent":0,"menu_order":0,"comment_status":"closed","ping_status":"closed","template":"","meta":{"footnotes":""},"class_list":["post-126","page","type-page","status-publish","hentry"],"_links":{"self":[{"href":"https:\/\/countrymusic.fi\/bakersfield\/wp-json\/wp\/v2\/pages\/126","targetHints":{"allow":["GET"]}}],"collection":[{"href":"https:\/\/countrymusic.fi\/bakersfield\/wp-json\/wp\/v2\/pages"}],"about":[{"href":"https:\/\/countrymusic.fi\/bakersfield\/wp-json\/wp\/v2\/types\/page"}],"author":[{"embeddable":true,"href":"https:\/\/countrymusic.fi\/bakersfield\/wp-json\/wp\/v2\/users\/1"}],"replies":[{"embeddable":true,"href":"https:\/\/countrymusic.fi\/bakersfield\/wp-json\/wp\/v2\/comments?post=126"}],"version-history":[{"count":4,"href":"https:\/\/countrymusic.fi\/bakersfield\/wp-json\/wp\/v2\/pages\/126\/revisions"}],"predecessor-version":[{"id":141,"href":"https:\/\/countrymusic.fi\/bakersfield\/wp-json\/wp\/v2\/pages\/126\/revisions\/141"}],"wp:attachment":[{"href":"https:\/\/countrymusic.fi\/bakersfield\/wp-json\/wp\/v2\/media?parent=126"}],"curies":[{"name":"wp","href":"https:\/\/api.w.org\/{rel}","templated":true}]}}