{"id":4,"date":"2015-11-24T10:32:15","date_gmt":"2015-11-24T08:32:15","guid":{"rendered":"http:\/\/countrymusic.fi\/bakersfield\/?page_id=4"},"modified":"2016-03-11T09:01:33","modified_gmt":"2016-03-11T07:01:33","slug":"bakersfield-sound","status":"publish","type":"page","link":"https:\/\/countrymusic.fi\/bakersfield\/bakersfield-sound\/","title":{"rendered":"Bakersfield sound"},"content":{"rendered":"<p><span style=\"font-family: Arial,sans-serif;\"><span style=\"font-size: medium;\"><strong>INOM BEGREPPET COUNTRYMUSIK<\/strong> finns ett flertal undergrupper och inriktningar.<br \/>\nEn av dessa undergrupper \u00e4r &#8220;<strong>The Bakersfield Sound<\/strong>&#8221; som utvecklades i och runt staden Bakersfield i Californien under 1950 och 1960 talet. Bakersfield soundet uppstod som en reaktion p\u00e5 det v\u00e4lproducerade och polerade sound med bl.a orkestrerade str\u00e5kar och k\u00f6rarrangemang som blev popul\u00e4ra inom etablissemanget i Nashville p\u00e5 den tiden. Inom Bakersfield Soundet ville man h\u00e5lla musiken enkel och &#8220;\u00e4kta&#8221; med instrument som elgitarr (framf\u00f6rallt Fender Telecaster med sitt speciella &#8220;twang&#8221; blev mycket popul\u00e4r), steel guitar, bas och trummor. Det var ocks\u00e5 viktigt att framf\u00f6randet skulle vara taktfast och dansv\u00e4nligt. <\/span><\/span><\/p>\n<p class=\"western\" lang=\"sv-SE\"><span style=\"font-family: Arial,sans-serif;\"><span style=\"font-size: medium;\"><strong>PROJEKTET &#8220;SOUNDS OF BAKERSFIELD&#8221;<\/strong> vill med \u00f6sterbottniska krafter presentera denna musik genom att framf\u00f6ra k\u00e4nda hitl\u00e5tar av tv\u00e5 av soundets mest k\u00e4nda ut\u00f6vare \u00e2\u20ac\u201c<strong> Buck Owens<\/strong> och <strong>Merle Haggard<\/strong>. <\/span><\/span><\/p>\n<div id=\"attachment_48\" style=\"width: 310px\" class=\"wp-caption alignleft\"><a href=\"https:\/\/countrymusic.fi\/bakersfield\/wp-content\/uploads\/sites\/2\/2015\/11\/rappusilla.jpg\"><img loading=\"lazy\" decoding=\"async\" aria-describedby=\"caption-attachment-48\" class=\"size-medium wp-image-48\" src=\"https:\/\/countrymusic.fi\/bakersfield\/wp-content\/uploads\/sites\/2\/2015\/11\/rappusilla-300x257.jpg\" alt=\"Ostrobothnia Oldtimers rappusilla\" width=\"300\" height=\"257\" srcset=\"https:\/\/countrymusic.fi\/bakersfield\/wp-content\/uploads\/sites\/2\/2015\/11\/rappusilla-300x257.jpg 300w, https:\/\/countrymusic.fi\/bakersfield\/wp-content\/uploads\/sites\/2\/2015\/11\/rappusilla.jpg 394w\" sizes=\"auto, (max-width: 300px) 100vw, 300px\" \/><\/a><p id=\"caption-attachment-48\" class=\"wp-caption-text\">Ostrobothnia Oldtimers rappusilla<\/p><\/div>\n<p><strong>&#8220;<\/strong><span style=\"font-family: Arial,sans-serif;\"><span style=\"font-size: medium;\"><strong>Ostrobothnia Oldtimers&#8221;<\/strong> best\u00e5r av<br \/>\nBengt Huhta, <em>s\u00e5ng och akustisk gitarr<\/em><br \/>\nJanne Granlund, <em>s\u00e5ng och akustisk gitarr<\/em><br \/>\nPekka Viitala, <em>elgitarr och s\u00e5ng<\/em><br \/>\nPeter Nylund, <em>steel guitar och s\u00e5ng<\/em><br \/>\nChristian Lunabba, <em>trummor<\/em><br \/>\nB\u00f6rje Nylund, <em>bas<\/em><\/span><\/span><\/p>\n<div id=\"attachment_34\" style=\"width: 274px\" class=\"wp-caption alignleft\"><a href=\"https:\/\/countrymusic.fi\/bakersfield\/wp-content\/uploads\/sites\/2\/2015\/11\/422px-Buck_Owens.jpg\"><img loading=\"lazy\" decoding=\"async\" aria-describedby=\"caption-attachment-34\" class=\"size-medium wp-image-34\" src=\"https:\/\/countrymusic.fi\/bakersfield\/wp-content\/uploads\/sites\/2\/2015\/11\/422px-Buck_Owens-264x300.jpg\" alt=\"Buck Owens\" width=\"264\" height=\"300\" srcset=\"https:\/\/countrymusic.fi\/bakersfield\/wp-content\/uploads\/sites\/2\/2015\/11\/422px-Buck_Owens-264x300.jpg 264w, https:\/\/countrymusic.fi\/bakersfield\/wp-content\/uploads\/sites\/2\/2015\/11\/422px-Buck_Owens.jpg 422w\" sizes=\"auto, (max-width: 264px) 100vw, 264px\" \/><\/a><p id=\"caption-attachment-34\" class=\"wp-caption-text\">Buck Owens<\/p><\/div>\n<p><em><strong>BUCK OWENS<\/strong><\/em><br \/>\n<em>Alvis Edgar Owens Jr. &#8211; sedermera k\u00e4nd som Buck Owens &#8211; f\u00f6ddes i Sherman, Texas den 12 augusti 1929. Hans familj var &#8220;sharecroppers&#8221;, det vill s\u00e4ga arrendatorer som betalade en del av sk\u00f6rden i arrende. Hans mor spelade piano i en kyrka i trakten och han v\u00e4xte d\u00e4rf\u00f6r upp med mycket musik i hemmet.<\/em><\/p>\n<p><em>Familjen besl\u00f6t sig f\u00f6r att flytta till Kalifornien f\u00f6r ett b\u00e4ttre liv, men deras bil fick motorstopp i Meza, Arizona och familjen bosatte sig d\u00e4r. Hans pappa k\u00f6pte ett gammalt piano som Buck l\u00e4rde sig spela p\u00e5, och man investerade ocks\u00e5 i en radio som gav Buck m\u00f6jlighet att lyssna p\u00e5 countrystj\u00e4rnor som Bob Wills och Roy Acuff.<\/em><\/p>\n<p><em>Familjen bodde i en gammal bondg\u00e5rd med stampat jordgolv och utan elektricitet. D\u00e5 Buck var ledig fr\u00e5n skolan hj\u00e4lpte han till med att sk\u00f6rda bomull och majs, och f\u00f6r att bidraga till familjens inkomst hade han extrajobb som lastbilschauff\u00f6r och sk\u00f6rdearbetare.<br \/>\nN\u00e4r han var sexton best\u00e4mde han sig f\u00f6r att bli artist och blev duktig p\u00e5 att spela s\u00e5v\u00e4l gitarr som mandolin och upptr\u00e4dde med ett band i trakten f\u00f6r den lokala radiostationen KTYL. N\u00e4r han var sjutton gifte han sig och fick sm\u00e5ningom tv\u00e5 s\u00f6ner, Buddy och Mike.<\/em><\/p>\n<p><em>Han ins\u00e5g tidigt att det inte fanns n\u00e5gon framtid varken inom musiken eller n\u00e5got annat i Meza och n\u00e4r Buck var 21 \u00e5r gammal flyttade den unga familjen till Bakersfield i Kalifornien d\u00e4r det fanns arbete s\u00e5v\u00e4l p\u00e5 sk\u00f6rde- som oljef\u00e4lten.<\/em><\/p>\n<p><strong><em>The Schoolhouse Playboys<\/em><\/strong><br \/>\n<em>Han hann knappt anl\u00e4nda till Bakersfield f\u00f6rr\u00e4n han bildade bandet &#8220;The Schoolhouse Playboys&#8221;. Bandet fick spelningar runtom i trakten och sm\u00e5ningom ocks\u00e5 i Los Angeles tillsammans med blivande countrystj\u00e4rnor som <strong>Tennessee Ernie Ford<\/strong> och <strong>Wanda Jackson<\/strong>.<\/em><br \/>\n<em>Vid ett tillf\u00e4lle blev bandets ursprunglige s\u00e5ngare sjuk och Buck fick hoppa in som ers\u00e4ttare. Inhoppet blev en stor succ\u00c3\u00a9 och d\u00e4rmed var hans lycka gjord. Han ins\u00e5g emellertid snabbt att man inte kan bli n\u00e5gon stj\u00e4rna inom musiken utan eget material s\u00e5 han b\u00f6rjade skriva l\u00e5tar och 1959 fick han sin f\u00f6rsta stora framg\u00e5ng med l\u00e5ten <strong>Second Fiddle<\/strong>.<\/em><\/p>\n<p><em><strong>The Buckaroos<\/strong><br \/>\nUnder b\u00f6rjan av 1960-talet bildade Buck Owens ett nytt band &#8220;The Buckaroos&#8221; som kom att bli mycket framg\u00e5ngsrikt. Som en kuriositet kan n\u00e4mnas att det var v\u00e5r andra &#8220;huvudperson&#8221; <strong>Merle Haggard<\/strong> som kom med f\u00f6rslaget till bandets namn n\u00e4r han medverkade i gruppen en kort tid 1962. Buckaroos blev ocks\u00e5 k\u00e4nda f\u00f6r sina patriotiskt r\u00f6d, vit bl\u00e5a &#8220;Star spangled Banner gitarrer&#8221;. Buck Owens\u00c2\u00b4 framg\u00e5ngar bara v\u00e4xte och v\u00e4xte och 1971 slog han alla kritiker med h\u00e4pnad n\u00e4r han gjorde om Paul Simons &#8220;Bridge Over Troubled Water&#8221; till en country-hit.<br \/>\nSom en liten parentes kan n\u00e4mnas en annan kuriositet: <strong>Doyle Holly<\/strong> som spelade bas i The Buckaroos under slutet av 60-talet startade en solokarri\u00e4r \u00e5r 1971. N\u00e4r Doyle bes\u00f6kte Skandinavien \u00e5r 1986 var det finl\u00e4ndska bandet<strong> Country Life<\/strong> som kompade honom p\u00e5 n\u00e5gra av dom st\u00f6rre countryfestivalerna i Sverige och Finland. Doyle bodde hemma hos bandets medlemmar i ett par veckor och blev s\u00e5 omtyckt att till och med en liten hundvalp blev uppkallad efter honom \u00e2\u20ac\u00a6.<br \/>\nBuck Owens&#8217; musikaliska karri\u00e4r str\u00e4ckte sej \u00f6ver mer \u00e4n 60 \u00e5r &#8211; fr\u00e5n 1945 till 2006. Han blev k\u00e4nd som s\u00e5ngaree, musiker, bandledare, l\u00e5tskrivare, musikproducent och TV-programv\u00e4rd.<\/em><\/p>\n<p><strong><em>Men vilken var d\u00e5 hemligheten bakom Buck Owens&#8217; stora framg\u00e5ngar?<\/em><\/strong><br \/>\n<em>Fram f\u00f6r allt kan man konstatera att han hade m\u00e5nga duktiga bakgrundsmusiker och ocks\u00e5 en mycket skicklig manager (Jack McFadden). M\u00e5nga av Buck Owens&#8217; kompositioner spelades in av andra stora artister som till exempel <strong>The Beatles, Barbara Streisand, Dean Martin och Ray Charles<\/strong> och n\u00e5dde p\u00e5 detta s\u00e4tt ut till en st\u00f6rre publik. Hans medryckande melodier och enkla texter tilltalade country fansen och gjorde att de flesta av hans l\u00e5tar blev stors\u00e4ljare. Med sitt band Buckaroos fick han ett stort antal hitl\u00e5tar och utm\u00e4rkelser, och de blev pionj\u00e4rer inom vad som kom att kallas The Bakersfield Sound ett sound som han sj\u00e4lv kallade &#8220;amerikansk musik&#8221;.<\/em><\/p>\n<p><em> Buck Owens dog &#8211; 76 \u00e5r gammal &#8211; av hj\u00e4rtsvikt den 25 mars 2006 i Bakersfield. Buck Owens&#8217; popularitet kan kanske b\u00e4st f\u00f6rst\u00e5s av det faktum att Bakersfield av m\u00e5nga inf\u00f6dda ortsbor \u00e4nnu i denna dag kallas Buckersfield efter stadens stora son.<\/em><\/p>\n<div id=\"attachment_33\" style=\"width: 279px\" class=\"wp-caption alignleft\"><a href=\"https:\/\/countrymusic.fi\/bakersfield\/wp-content\/uploads\/sites\/2\/2015\/11\/431px-Merle_Haggard_1975_-_cropped.jpg\"><img loading=\"lazy\" decoding=\"async\" aria-describedby=\"caption-attachment-33\" class=\"size-medium wp-image-33\" src=\"https:\/\/countrymusic.fi\/bakersfield\/wp-content\/uploads\/sites\/2\/2015\/11\/431px-Merle_Haggard_1975_-_cropped-269x300.jpg\" alt=\"&quot;Merle Haggard 1975 - cropped&quot; by Capitol Records - This file was derived from:Merle Haggard in 1975.JPG. Licensed under Public domain via Wikimedia Commons - http:\/\/commons.wikimedia.org\/wiki\/File:Merle_Haggard_1975_-_cropped.jpg#mediaviewer\/File:Merle_Haggard_1975_-_cropped.jpg\" width=\"269\" height=\"300\" srcset=\"https:\/\/countrymusic.fi\/bakersfield\/wp-content\/uploads\/sites\/2\/2015\/11\/431px-Merle_Haggard_1975_-_cropped-269x300.jpg 269w, https:\/\/countrymusic.fi\/bakersfield\/wp-content\/uploads\/sites\/2\/2015\/11\/431px-Merle_Haggard_1975_-_cropped.jpg 431w\" sizes=\"auto, (max-width: 269px) 100vw, 269px\" \/><\/a><p id=\"caption-attachment-33\" class=\"wp-caption-text\">&#8220;Merle Haggard 1975 &#8211; cropped&#8221; by Capitol Records &#8211; This file was derived from:Merle Haggard in 1975.JPG. Licensed under Public domain via Wikimedia Commons &#8211; http:\/\/commons.wikimedia.org\/wiki\/File:Merle_Haggard_1975_-_cropped.jpg#mediaviewer\/File:Merle_Haggard_1975_-_cropped.jpg<\/p><\/div>\n<p><em><strong>MERLE HAGGARD<\/strong><\/em><br \/>\n<em>Merle Ronald Haggard f\u00f6ddes den 6 april 1937 n\u00e4ra staden Bakersfield i Kalifornien. F\u00f6r\u00e4ldrarna hade flyttat till Kalifornien fr\u00e5n sitt hem i Oklahoma under den stora depressionen efter att deras lada brunnit ner och m\u00f6jligheterna till att livn\u00e4ra sej p\u00e5 jordbruket verkade om\u00f6jligt.<br \/>\nDe hyrde f\u00f6rst en liten l\u00e4genhet i Bakersfield men n\u00e4r fadern fick jobb hos j\u00e4rnv\u00e4sbolaget Santa Fe Railroad fick han m\u00f6jlighet att k\u00f6pa en gammal godsvagn som var stationerad i Oildale som var en n\u00e4rbel\u00e4gen mindre stad. Godsvagnen byggdes om till en enkel bostad och det var h\u00e4r som Merle f\u00f6ddes.<\/em><\/p>\n<p><em>Faderns d\u00f6d 1945 fick en stor inverkan p\u00e5 unge Merle&#8217;s liv. N\u00e4r modern b\u00f6rjade jobba f\u00f6r att kunna f\u00f6rs\u00f6rja familjen blev Merle sm\u00e5ningom mer och mer rebellisk. Bland annat begick han mindre brott och f\u00f6rfalskade checker och blev s\u00e4nd till en uppfostringsanstalt efter att ha blivit fast f\u00f6r snatteri.<\/em><\/p>\n<p><em>Merle rymde fr\u00e5n anstalten 14 \u00e5r gammal tillsammans med en v\u00e4n och dom flackade runt och tog sej till Texas genom att lifta eller hoppa p\u00e5 godst\u00e5g. Senare samma \u00e5r n\u00e4r ynglingarna \u00e5terv\u00e4nde till Kalifornien blev dom arresterade f\u00f6r inbrott. Dom sl\u00e4pptes senare fria n\u00e4r dom riktiga r\u00e5narna greps och det konstaterades att pojkarna denna g\u00e5ng var oskyldiga.<\/em><\/p>\n<p><em>Merle hade f\u00e5tt en begagnad gitarr av sin bror n\u00e4r han var 12 och l\u00e4rt sej spela lite. Han debuterade som artist med ett gage p\u00e5 5 dollar och gratis \u00f6l. Fortsatta brottsligheter s\u00e4nde honom ut och in p\u00e5 olika anstalter och han rymde vid flera tillf\u00e4llen.<\/em><\/p>\n<p><em>Vid ett tillf\u00e4lle gick Merle till en konsert med d\u00e5 v\u00e4lk\u00e4nde <strong>Lefty Frizzell<\/strong>. Merle fick g\u00e5 backstage och tr\u00e4ffa sin idol och det visade sej att Merle kunde sjunga med i alla s\u00e5ngerna. Det hela slutade med att Frizzell v\u00e4grade sjunga om inte Merle fick framf\u00f6ra n\u00e5gra s\u00e5nger i b\u00f6rjan av konserten. Tack vare den positiva respons Merle fick fr\u00e5n publiken vid detta tillf\u00e4lle b\u00f6rjade han allvarligt \u00f6verv\u00e4ga en karri\u00e4r inom musiken. Vid sidan om andra jobb b\u00f6rjade Merle upptr\u00e4da p\u00e5 olika nattklubbar och fick ocks\u00e5 medverka p\u00e5 en lokal TV-show.<\/em><\/p>\n<p><em>Men sv\u00e5righeterna var inte \u00f6ver \u00e4nnu: &#8211; nygift och med stora ekonomiska sv\u00e5righeter f\u00f6rs\u00f6kte Merle r\u00e5na en v\u00e4gkrog men blev fast och s\u00e4ndes till f\u00e4ngelset i Bakersfield f\u00f6r att senare f\u00f6rflyttas till det \u00f6k\u00e4nda San Quentin. Medan han var i f\u00e4ngelset kom det fram att hans nyblivna fru v\u00e4ntade barn med en annan man &#8211; n\u00e5got som blev en stor press f\u00f6r honom. Han hade sv\u00e5rt att klara av de normala f\u00e4ngelserutinerna och blev satt i isolationscell i en veckas tid.<\/em><\/p>\n<p><em>I isolationscellen tr\u00e4ffade Merle en f\u00e5nge som blivit d\u00f6md till d\u00f6den efter att ha skjutit en polis under ett flyktf\u00f6rs\u00f6k. Samtalen med den d\u00f6dsd\u00f6mde samt senare dennes avr\u00e4ttning fick Merle att inse att han p\u00e5 n\u00e5got s\u00e4tt m\u00e5ste f\u00e5 en \u00e4ndring p\u00e5 sitt liv. Merle b\u00f6rjade idka studier i f\u00e4ngelset och fortsatte ocks\u00e5 med att utveckla sina musikaliska f\u00e4rdigheter.<\/em><\/p>\n<p><em>En av &#8220;h\u00f6jdpunkterna&#8221; &#8211; om man kan kalla det s\u00e5 \u00e2\u20ac\u201c var att Merle satt i publiken n\u00e4r <strong>Johnny Cash<\/strong> gjorde sitt legendariska upptr\u00e4dande i San Quentin. Denna show inspirerade honom ytterligare att satsa p\u00e5 sin egen karri\u00e4r.<\/em><\/p>\n<p><em>Haggard sl\u00e4pptes ut fr\u00e5n f\u00e4ngelset 1962 och k\u00e4nde sej enligt egen utsago &#8220;s\u00e5 ensam man bara kan bli&#8221; och det tog flera m\u00e5nader att v\u00e4nja sej till friheten. Han fortsatte \u00e4nd\u00e5 att satsa p\u00e5 en karri\u00e4r inom musiken och 1964 fick han sitt verkliga genombrott med l\u00e5ten &#8220;<strong>Sing A Sad Song<\/strong>&#8220;.<\/em><\/p>\n<p><em>Merle Haggard har sen fortsatt att \u00f6sa ut hitl\u00e5tar och haft en karri\u00e4r som \u00e4r f\u00e5 f\u00f6runnat \u00e2\u20ac\u201c 38 listettor p\u00e5 Billboards countrylista talar sitt tydliga spr\u00e5k. Haggard kallas <strong>&#8220;Poet of the common man&#8221; &#8211; den vardagliga m\u00e4nniskans poet \u00e2\u20ac\u201c<\/strong> tack vare hans s\u00e4tt att kunna uttrycka olika k\u00e4nslor och situationer p\u00e5 ett ovanligt jordn\u00e4ra s\u00e4tt. Musikalisk har han varit en av f\u00f6rgrundsfigurerna inom Bakersfield soundet men ocks\u00e5 inom den s.k &#8220;<strong>Outlaw countryn<\/strong>&#8221; som uppstod i slutet av 1970-talet. F\u00f6rutom att Haggard \u00e4r en fenomenal s\u00e5ngare och l\u00e5tskrivare s\u00e5 \u00e4r han ocks\u00e5 en mycket bra gitarrist och fiolspelare.<\/em><\/p>\n<p><em>Merle Haggard \u00e4r fortfarande aktiv. Efter att ha blivit opererad f\u00f6r lungcancer i november 2008 var det dags f\u00f6r &#8220;comeback&#8221; i januari 2009. Tala om krutgubbar. Dagens popcountry \u00e4r inget som han gillar \u00e2\u20ac\u201c det ska vara &#8220;pure country music&#8221;.<\/em><\/p>\n","protected":false},"excerpt":{"rendered":"<p>INOM BEGREPPET COUNTRYMUSIK finns ett flertal undergrupper och inriktningar. En av dessa undergrupper \u00e4r &#8220;The Bakersfield Sound&#8221; som utvecklades i och runt staden Bakersfield i Californien under 1950 och 1960 talet. Bakersfield soundet uppstod som en reaktion p\u00e5 det v\u00e4lproducerade och polerade sound med bl.a orkestrerade str\u00e5kar och k\u00f6rarrangemang som blev popul\u00e4ra inom etablissemanget i [&hellip;]<\/p>\n","protected":false},"author":1,"featured_media":0,"parent":0,"menu_order":1,"comment_status":"closed","ping_status":"closed","template":"","meta":{"footnotes":""},"class_list":["post-4","page","type-page","status-publish","hentry"],"_links":{"self":[{"href":"https:\/\/countrymusic.fi\/bakersfield\/wp-json\/wp\/v2\/pages\/4","targetHints":{"allow":["GET"]}}],"collection":[{"href":"https:\/\/countrymusic.fi\/bakersfield\/wp-json\/wp\/v2\/pages"}],"about":[{"href":"https:\/\/countrymusic.fi\/bakersfield\/wp-json\/wp\/v2\/types\/page"}],"author":[{"embeddable":true,"href":"https:\/\/countrymusic.fi\/bakersfield\/wp-json\/wp\/v2\/users\/1"}],"replies":[{"embeddable":true,"href":"https:\/\/countrymusic.fi\/bakersfield\/wp-json\/wp\/v2\/comments?post=4"}],"version-history":[{"count":6,"href":"https:\/\/countrymusic.fi\/bakersfield\/wp-json\/wp\/v2\/pages\/4\/revisions"}],"predecessor-version":[{"id":52,"href":"https:\/\/countrymusic.fi\/bakersfield\/wp-json\/wp\/v2\/pages\/4\/revisions\/52"}],"wp:attachment":[{"href":"https:\/\/countrymusic.fi\/bakersfield\/wp-json\/wp\/v2\/media?parent=4"}],"curies":[{"name":"wp","href":"https:\/\/api.w.org\/{rel}","templated":true}]}}